{"id":50,"date":"2025-03-11T18:29:28","date_gmt":"2025-03-11T23:29:28","guid":{"rendered":"http:\/\/www.robotiza.com.pe\/site\/?page_id=50"},"modified":"2025-03-12T13:57:42","modified_gmt":"2025-03-12T18:57:42","slug":"inicio","status":"publish","type":"page","link":"https:\/\/www.robotiza.com.pe\/site\/","title":{"rendered":"Inicio"},"content":{"rendered":"\n<div class=\"wp-block-cover alignfull\" style=\"min-height:720px;aspect-ratio:unset;\"><span aria-hidden=\"true\" class=\"wp-block-cover__background has-background-dim-100 has-background-dim has-background-gradient\" style=\"background:linear-gradient(135deg,rgb(255,174,0) 0%,rgb(255,120,0) 11%,rgb(24,19,15) 36%,rgb(24,19,15) 100%)\"><\/span><div class=\"wp-block-cover__inner-container is-layout-flow wp-block-cover-is-layout-flow\">\n<div class=\"inherit-container-width wp-block-group alignwide is-layout-constrained wp-block-group-is-layout-constrained\">\n<div class=\"wp-block-media-text alignwide has-media-on-the-right is-stacked-on-mobile is-vertically-aligned-center\" style=\"grid-template-columns:auto 38%\"><div class=\"wp-block-media-text__content\">\n<h1 class=\"wp-block-heading has-text-align-left has-white-color has-text-color\">Automatizaci\u00f3n y Gesti\u00f3n Inteligente<\/h1>\n\n\n\n<p class=\"has-white-color has-text-color\">Impulsamos la eficiencia con tecnolog\u00eda innovadora.<\/p>\n\n\n\n<div class=\"wp-block-buttons is-layout-flex wp-block-buttons-is-layout-flex\">\n<div class=\"wp-block-button\"><a class=\"wp-block-button__link wp-element-button\" href=\"#\">Descubre c\u00f3mo<\/a><\/div>\n<\/div>\n<\/div><figure class=\"wp-block-media-text__media\"><img loading=\"lazy\" decoding=\"async\" width=\"1024\" height=\"1024\" src=\"http:\/\/www.robotiza.com.pe\/site\/wp-content\/uploads\/2025\/03\/OIG1.sY_.jpeg\" alt=\"\" class=\"wp-image-81 size-full\"\/><\/figure><\/div>\n<\/div>\n<\/div><\/div>\n\n\n\n<div class=\"wp-block-group alignfull has-ast-global-color-5-background-color has-background is-layout-constrained wp-container-core-group-is-layout-2 wp-block-group-is-layout-constrained\" style=\"padding-bottom:0px\">\n<div class=\"wp-block-columns are-vertically-aligned-top is-layout-flex wp-container-core-columns-is-layout-1 wp-block-columns-is-layout-flex\">\n<div class=\"wp-block-column is-vertically-aligned-top is-layout-flow wp-container-core-column-is-layout-1 wp-block-column-is-layout-flow\">\n<figure class=\"wp-block-image size-large\"><img decoding=\"async\" src=\"http:\/\/www.robotiza.com.pe\/site\/wp-content\/themes\/astra\/inc\/assets\/images\/starter-content\/building.svg\" alt=\"\" class=\"wp-image-134\"\/><\/figure>\n\n\n\n<h3 class=\"wp-block-heading has-text-align-left\" style=\"margin-top:16px\">Automatizaci\u00f3n de Procesos<\/h3>\n\n\n\n<p class=\"has-text-align-left\">Optimiza flujos de trabajo con bots y software inteligente.<\/p>\n<\/div>\n\n\n\n<div class=\"wp-block-column is-vertically-aligned-top is-layout-flow wp-container-core-column-is-layout-2 wp-block-column-is-layout-flow\">\n<figure class=\"wp-block-image size-large\"><img decoding=\"async\" src=\"http:\/\/www.robotiza.com.pe\/site\/wp-content\/themes\/astra\/inc\/assets\/images\/starter-content\/shopping-bag.svg\" alt=\"\" class=\"wp-image-135\"\/><\/figure>\n\n\n\n<h3 class=\"wp-block-heading has-text-align-left\" style=\"margin-top:16px\">Integraciones Web y RPA<\/h3>\n\n\n\n<p class=\"has-text-align-left\">Conectamos plataformas para mejorar eficiencia operativa.<\/p>\n<\/div>\n\n\n\n<div class=\"wp-block-column is-vertically-aligned-top is-layout-flow wp-container-core-column-is-layout-3 wp-block-column-is-layout-flow\">\n<figure class=\"wp-block-image size-large\"><img decoding=\"async\" src=\"http:\/\/www.robotiza.com.pe\/site\/wp-content\/themes\/astra\/inc\/assets\/images\/starter-content\/blog.svg\" alt=\"\" class=\"wp-image-136\"\/><\/figure>\n\n\n\n<h3 class=\"wp-block-heading has-text-align-left\" style=\"margin-top:16px\">Gesti\u00f3n de Datos<\/h3>\n\n\n\n<p class=\"has-text-align-left\">Automatizamos la recopilaci\u00f3n y an\u00e1lisis de informaci\u00f3n.<\/p>\n<\/div>\n\n\n\n<div class=\"wp-block-column is-vertically-aligned-top is-layout-flow wp-container-core-column-is-layout-4 wp-block-column-is-layout-flow\">\n<figure class=\"wp-block-image size-large\"><img decoding=\"async\" src=\"http:\/\/www.robotiza.com.pe\/site\/wp-content\/themes\/astra\/inc\/assets\/images\/starter-content\/portfolio.svg\" alt=\"\" class=\"wp-image-137\"\/><\/figure>\n\n\n\n<h3 class=\"wp-block-heading has-text-align-left\" style=\"margin-top:16px\">Desarrollo de Soluciones Personalizadas<\/h3>\n\n\n\n<p class=\"has-text-align-left\">Adaptamos la tecnolog\u00eda a las necesidades de tu empresa.<\/p>\n<\/div>\n<\/div>\n<\/div>\n\n\n\n<div class=\"wp-block-group alignfull is-layout-constrained wp-container-core-group-is-layout-3 wp-block-group-is-layout-constrained\" id=\"services\" style=\"padding-top:144px;padding-bottom:0px\">\n<h2 class=\"wp-block-heading\">Nuestros Servicios<\/h2>\n\n\n\n<div class=\"wp-block-columns is-layout-flex wp-container-core-columns-is-layout-2 wp-block-columns-is-layout-flex\" style=\"margin-top:50px\">\n<div class=\"wp-block-column is-layout-flow wp-container-core-column-is-layout-5 wp-block-column-is-layout-flow\">\n<figure class=\"wp-block-image size-full\"><img loading=\"lazy\" decoding=\"async\" width=\"1024\" height=\"1024\" src=\"http:\/\/www.robotiza.com.pe\/site\/wp-content\/uploads\/2025\/03\/OIG4_r.jpeg\" alt=\"\" class=\"wp-image-117\"\/><\/figure>\n\n\n\n<h3 class=\"wp-block-heading\" style=\"margin-top:16px\">Automatizaci\u00f3n Inteligente<\/h3>\n\n\n\n<p>Implementamos bots y RPA para eliminar tareas repetitivas.<\/p>\n<\/div>\n\n\n\n<div class=\"wp-block-column is-layout-flow wp-container-core-column-is-layout-6 wp-block-column-is-layout-flow\">\n<figure class=\"wp-block-image size-full\"><img loading=\"lazy\" decoding=\"async\" width=\"1024\" height=\"1024\" src=\"http:\/\/www.robotiza.com.pe\/site\/wp-content\/uploads\/2025\/03\/OIG4.sZmVwvh9.jpeg\" alt=\"\" class=\"wp-image-119\"\/><\/figure>\n\n\n\n<h3 class=\"wp-block-heading\" style=\"margin-top:16px\">Desarrollo Web y Gesti\u00f3n<\/h3>\n\n\n\n<p>Creamos sistemas eficientes para optimizar tu operaci\u00f3n.<\/p>\n<\/div>\n\n\n\n<div class=\"wp-block-column is-layout-flow wp-container-core-column-is-layout-7 wp-block-column-is-layout-flow\">\n<figure class=\"wp-block-image size-full\"><img loading=\"lazy\" decoding=\"async\" width=\"1024\" height=\"1024\" src=\"http:\/\/www.robotiza.com.pe\/site\/wp-content\/uploads\/2025\/03\/OIG4-1.jpeg\" alt=\"\" class=\"wp-image-120\"\/><\/figure>\n\n\n\n<h3 class=\"wp-block-heading\" style=\"margin-top:16px\">Consultor\u00eda Tecnol\u00f3gica<\/h3>\n\n\n\n<p>Te guiamos en la digitalizaci\u00f3n de tu empresa.<\/p>\n<\/div>\n<\/div>\n<\/div>\n\n\n\n<div class=\"wp-block-group alignfull has-ast-global-color-5-background-color has-background is-layout-constrained wp-container-core-group-is-layout-5 wp-block-group-is-layout-constrained\" id=\"about\" style=\"padding-top:143px;padding-bottom:144px\">\n<div class=\"wp-block-media-text has-media-on-the-right is-stacked-on-mobile is-vertically-aligned-center\" style=\"grid-template-columns:auto 44%\"><div class=\"wp-block-media-text__content\">\n<div class=\"inherit-container-width wp-block-group is-layout-constrained wp-container-core-group-is-layout-4 wp-block-group-is-layout-constrained\" style=\"padding-right:80px\">\n<h2 class=\"wp-block-heading\" style=\"padding-right:40px\">Impulsa tu negocio con tecnolog\u00eda de vanguardia<\/h2>\n\n\n\n<p>\ud83d\udd39 Aumenta la eficiencia \ud83d\ude80<br>\ud83d\udd39 Reduce costos operativos \ud83d\udcb0<br>\ud83d\udd39 Minimiza errores humanos \u2705<br>\ud83d\udd39 Escala tu empresa con innovaci\u00f3n \ud83c\udf0d<\/p>\n\n\n\n<p>\ud83d\udca1 <strong>En Robotiza, hacemos que la tecnolog\u00eda trabaje para ti.<\/strong><\/p>\n<\/div>\n<\/div><figure class=\"wp-block-media-text__media\"><img loading=\"lazy\" decoding=\"async\" width=\"1024\" height=\"1024\" src=\"http:\/\/www.robotiza.com.pe\/site\/wp-content\/uploads\/2025\/03\/OIG3.jpeg\" alt=\"\" class=\"wp-image-121 size-full\"\/><\/figure><\/div>\n<\/div>\n\n\n\n<div class=\"wp-block-group alignfull ocultar-inicio has-ast-global-color-4-background-color has-background is-layout-constrained wp-container-core-group-is-layout-6 wp-block-group-is-layout-constrained\" id=\"reviews\">\n<figure class=\"wp-block-image aligncenter size-full\"><img decoding=\"async\" src=\"http:\/\/www.robotiza.com.pe\/site\/wp-content\/themes\/astra\/inc\/assets\/images\/starter-content\/avatar.png\" alt=\"\" class=\"wp-image-235\"\/><\/figure>\n\n\n\n<p class=\"has-text-align-center\" style=\"font-size:22px;line-height:1.6\"><strong>Opiniones de Nuestros Clientes<\/strong><\/p>\n\n\n\n<p class=\"has-text-align-center\"><em>\u00abRobotiza nos permiti\u00f3 automatizar procesos clave, reduciendo costos y tiempos de ejecuci\u00f3n.\u00bb<\/em><br>\u2014 <strong>Wade Warren, CEO de InnovateX<\/strong><\/p>\n<\/div>\n\n\n\n<div class=\"wp-block-group alignfull is-layout-constrained wp-container-core-group-is-layout-7 wp-block-group-is-layout-constrained\" id=\"whyus\" style=\"padding-top:144px;padding-bottom:144px\">\n<h2 class=\"wp-block-heading\">\u00bfPor qu\u00e9 elegirnos?<\/h2>\n\n\n\n<div class=\"wp-block-columns is-layout-flex wp-container-core-columns-is-layout-3 wp-block-columns-is-layout-flex\" style=\"margin-top:60px\">\n<div class=\"wp-block-column is-layout-flow wp-container-core-column-is-layout-8 wp-block-column-is-layout-flow\">\n<figure class=\"wp-block-image size-large\"><img decoding=\"async\" src=\"http:\/\/www.robotiza.com.pe\/site\/wp-content\/themes\/astra\/inc\/assets\/images\/starter-content\/passionate.svg\" alt=\"\" class=\"wp-image-162\"\/><\/figure>\n\n\n\n<h3 class=\"wp-block-heading\" style=\"margin-top:16px\"><strong>Experiencia y Pasi\u00f3n<\/strong><\/h3>\n\n\n\n<p>Transformamos empresas con soluciones tecnol\u00f3gicas innovadoras.<\/p>\n<\/div>\n\n\n\n<div class=\"wp-block-column is-layout-flow wp-container-core-column-is-layout-9 wp-block-column-is-layout-flow\">\n<figure class=\"wp-block-image size-large\"><img decoding=\"async\" src=\"http:\/\/www.robotiza.com.pe\/site\/wp-content\/themes\/astra\/inc\/assets\/images\/starter-content\/professional.svg\" alt=\"\" class=\"wp-image-163\"\/><\/figure>\n\n\n\n<h3 class=\"wp-block-heading\" style=\"margin-top:16px\"><strong>Enfoque Personalizado<\/strong><\/h3>\n\n\n\n<p>Creamos estrategias adaptadas a cada negocio.<\/p>\n<\/div>\n\n\n\n<div class=\"wp-block-column is-layout-flow wp-container-core-column-is-layout-10 wp-block-column-is-layout-flow\">\n<figure class=\"wp-block-image size-large\"><img decoding=\"async\" src=\"http:\/\/www.robotiza.com.pe\/site\/wp-content\/themes\/astra\/inc\/assets\/images\/starter-content\/support.svg\" alt=\"\" class=\"wp-image-164\"\/><\/figure>\n\n\n\n<h3 class=\"wp-block-heading\" style=\"margin-top:16px\">Soporte T\u00e9cnico Especializado<\/h3>\n\n\n\n<p>Te acompa\u00f1amos en cada etapa del proceso.<\/p>\n<\/div>\n<\/div>\n<\/div>\n\n\n\n<div class=\"wp-block-group alignfull has-background is-layout-constrained wp-container-core-group-is-layout-8 wp-block-group-is-layout-constrained\" id=\"contact\" style=\"background:linear-gradient(265deg,rgba(252,185,0,1) 0%,rgba(255,105,0,1) 100%);padding-top:104px;padding-bottom:104px\">\n<h2 class=\"wp-block-heading has-text-align-center has-text-color\" style=\"color:#ffffff\">\u00bfListo para llevar tu Empresa al siguiente nivel?<\/h2>\n\n\n\n<div class=\"wp-block-buttons alignwide is-horizontal is-content-justification-center is-layout-flex wp-container-core-buttons-is-layout-2 wp-block-buttons-is-layout-flex\" style=\"margin-top:50px\">\n<div class=\"wp-block-button\"><a class=\"wp-block-button__link wp-element-button\">Hablemos<\/a><\/div>\n<\/div>\n<\/div>\n\n\n\n<p><\/p>\n","protected":false},"excerpt":{"rendered":"<p>Automatizaci\u00f3n de Procesos Optimiza flujos de trabajo con bots y software inteligente. Integraciones Web y RPA Conectamos plataformas para mejorar [&hellip;]<\/p>\n","protected":false},"author":1,"featured_media":0,"parent":0,"menu_order":0,"comment_status":"closed","ping_status":"closed","template":"","meta":{"site-sidebar-layout":"no-sidebar","site-content-layout":"plain-container","ast-site-content-layout":"","site-content-style":"default","site-sidebar-style":"default","ast-global-header-display":"","ast-banner-title-visibility":"","ast-main-header-display":"","ast-hfb-above-header-display":"","ast-hfb-below-header-display":"","ast-hfb-mobile-header-display":"","site-post-title":"disabled","ast-breadcrumbs-content":"","ast-featured-img":"","footer-sml-layout":"","theme-transparent-header-meta":"enabled","adv-header-id-meta":"","stick-header-meta":"","header-above-stick-meta":"","header-main-stick-meta":"","header-below-stick-meta":"","astra-migrate-meta-layouts":"default","ast-page-background-enabled":"default","ast-page-background-meta":{"desktop":{"background-color":"var(--ast-global-color-5)","background-image":"","background-repeat":"repeat","background-position":"center center","background-size":"auto","background-attachment":"scroll","background-type":"","background-media":"","overlay-type":"","overlay-color":"","overlay-opacity":"","overlay-gradient":""},"tablet":{"background-color":"","background-image":"","background-repeat":"repeat","background-position":"center center","background-size":"auto","background-attachment":"scroll","background-type":"","background-media":"","overlay-type":"","overlay-color":"","overlay-opacity":"","overlay-gradient":""},"mobile":{"background-color":"","background-image":"","background-repeat":"repeat","background-position":"center center","background-size":"auto","background-attachment":"scroll","background-type":"","background-media":"","overlay-type":"","overlay-color":"","overlay-opacity":"","overlay-gradient":""}},"ast-content-background-meta":{"desktop":{"background-color":"var(--ast-global-color-4)","background-image":"","background-repeat":"repeat","background-position":"center center","background-size":"auto","background-attachment":"scroll","background-type":"","background-media":"","overlay-type":"","overlay-color":"","overlay-opacity":"","overlay-gradient":""},"tablet":{"background-color":"var(--ast-global-color-4)","background-image":"","background-repeat":"repeat","background-position":"center center","background-size":"auto","background-attachment":"scroll","background-type":"","background-media":"","overlay-type":"","overlay-color":"","overlay-opacity":"","overlay-gradient":""},"mobile":{"background-color":"var(--ast-global-color-4)","background-image":"","background-repeat":"repeat","background-position":"center center","background-size":"auto","background-attachment":"scroll","background-type":"","background-media":"","overlay-type":"","overlay-color":"","overlay-opacity":"","overlay-gradient":""}},"footnotes":""},"class_list":["post-50","page","type-page","status-publish","hentry"],"_links":{"self":[{"href":"https:\/\/www.robotiza.com.pe\/site\/wp-json\/wp\/v2\/pages\/50","targetHints":{"allow":["GET"]}}],"collection":[{"href":"https:\/\/www.robotiza.com.pe\/site\/wp-json\/wp\/v2\/pages"}],"about":[{"href":"https:\/\/www.robotiza.com.pe\/site\/wp-json\/wp\/v2\/types\/page"}],"author":[{"embeddable":true,"href":"https:\/\/www.robotiza.com.pe\/site\/wp-json\/wp\/v2\/users\/1"}],"replies":[{"embeddable":true,"href":"https:\/\/www.robotiza.com.pe\/site\/wp-json\/wp\/v2\/comments?post=50"}],"version-history":[{"count":8,"href":"https:\/\/www.robotiza.com.pe\/site\/wp-json\/wp\/v2\/pages\/50\/revisions"}],"predecessor-version":[{"id":127,"href":"https:\/\/www.robotiza.com.pe\/site\/wp-json\/wp\/v2\/pages\/50\/revisions\/127"}],"wp:attachment":[{"href":"https:\/\/www.robotiza.com.pe\/site\/wp-json\/wp\/v2\/media?parent=50"}],"curies":[{"name":"wp","href":"https:\/\/api.w.org\/{rel}","templated":true}]}}